{"id":363,"date":"2020-03-10T21:16:55","date_gmt":"2020-03-10T18:16:55","guid":{"rendered":"https:\/\/demo.creativethemes.com\/blocksy\/modern-shop\/?page_id=3"},"modified":"2022-05-29T09:48:15","modified_gmt":"2022-05-29T06:48:15","slug":"terms-and-conditions","status":"publish","type":"page","link":"https:\/\/saycheesephoto.ro\/ro\/terms-and-conditions\/","title":{"rendered":"Termenii \u0219i condi\u021bii"},"content":{"rendered":"\n<p>TERMENI \u0218I CONDI\u021aII WWWSAYCHEESEPHOTO.RO<\/p>\n\n\n\n<p>1. TERMENI \u0218I CONDI\u021aII<\/p>\n\n\n\n<p>Folosirea site-ului www.saycheesephoto.ro presupune acceptarea prezentelor Termeni \u0219i Condi\u021bii de c\u0103tre utilizator.<\/p>\n\n\n\n<p>2. COMPANIA<\/p>\n\n\n\n<p>SERVICII FOTO ALTFEL SRL. cu adresa \u00een str. Rodniciei nr. 55 ap. 5, jud. Mure\u0219, T\u00e2rgu-Mure\u0219 CUI 41062450, Num\u0103r de \u00cenregistrare la Registrul Comer\u021bului J26\/1034\/2019<\/p>\n\n\n\n<p>3. INFORMA\u021aII GENERALE<\/p>\n\n\n\n<p>Imaginile publicate pe site sunt conforme cu realitatea, \u00eensa uneori nuan\u021bele culorilor produselor pot s\u0103 difere u\u0219or, ca urmare a procesului de execu\u021bie al fotografiilor sau a set\u0103rilor monitorului tau. Clien\u021bii <a href=\"http:\/\/www.saycheesephoto.ro\">www.saycheesephoto.ro<\/a> vor fi \u00eentotdeauna informa\u021bi dac\u0103 un produs este sau nu este \u00een stoc, dac\u0103 se poate produce la comand\u0103, \u00een c\u00e2t timp se va prelucra \u0219i \u00een c\u00e2t timp va ajunge la ei. Aceste informa\u021bii vor fi transmise prin e-mail sau telefon. Imaginile cu produsele, ofertele, pre\u021burile \u0219i concursurile pot fi schimbate \u00een prealabil, f\u0103r\u0103 o notificare specific\u0103. Produsele comercializate prin intermediul www.saycheesephoto.ro, vor fi inso\u021bite \u00een momentul livr\u0103rii de factur\u0103 fiscal\u0103 sau de bon fiscal.<\/p>\n\n\n\n<p>4. PROPRIETATEA &#8211; DREPTURI DE AUTOR<\/p>\n\n\n\n<p>Utilizarea site-ului www.saycheesephoto.ro(incluz\u00e2nd vizitarea \u0219i cump\u0103rarea produselor) implic\u0103 acceptarea anumitor termeni \u0219i condi\u021bii de utilizare, evident, sub forma unui contract legal \u00eentre utilizator \u0219i SERVICII FOTO ALTFEL SRL., de aceea, se recomand\u0103 citirea cu aten\u021bie a paragrafelor urm\u0103toare.<\/p>\n\n\n\n<p>Vizitarea sau cump\u0103rarea produselor de pe site-ul www.saycheesephoto.roimplic\u0103 \u00een mod automat, acceptarea acestor termeni \u0219i condi\u021bii. De asemenea, folosirea oric\u0103ror alte servicii curente sau viitoare furnizate de SERVICII FOTO ALTFEL SRL., implic\u0103 acceptarea acelora\u0219i termeni \u0219i condi\u021bii.<\/p>\n\n\n\n<p>\u00centregul con\u021binut al site-ului <a href=\"http:\/\/www.saycheesephoto.ro\">www.saycheesephoto.ro<\/a> este protejat conform legii dreptului de autor \u0219i legilor privind drepturile de proprietate intelectual\u0103. Folosirea f\u0103r\u0103 acordul scris al SERVICII FOTO ALTFEL SRL., a oric\u0103ror elemente apar\u021bin\u00e2nd site-ului <a href=\"http:\/\/www.saycheesephoto.ro\">www.saycheesephoto.ro<\/a> se pedepse\u0219te conform legilor \u00een vigoare.<\/p>\n\n\n\n<p>Societatea NU confer\u0103 dreptul utilizatorului de a modifica par\u021bial sau integral site-ul web, de a reproduce par\u021bial sau integral site-ul, de a copia, vinde sau exploata site-ul \u00een orice alt\u0103 manier\u0103 f\u0103r\u0103 acordul societ\u0103\u021bii. Vizitatorul \/ Clientul nu va modifica, copia, distribui, transmite, afi\u0219a, publica, reproduce, acorda licen\u021be, crea produse derivate, transfera sau vinde orice fel de informa\u021bie sau servicii ob\u021binute de pe sau prin intermediul acestui site web.<\/p>\n\n\n\n<p>Con\u021binutul prezentului site, inclusiv, dar f\u0103r\u0103 a se limita la logo, reprezent\u0103ri stilizate, simboluri, imagini, fotografii, con\u021binut texte \u0219i altele asemenea, sunt proprietatea exclusiv\u0103 a SERVICII FOTO ALTFEL SRL.. Este nepermis\u0103 copierea, distribuirea, publicarea, modificarea, completarea, utilizarea, expunerea, includerea, legarea, transmiterea, \u00eendep\u0103rtarea \u00eensemnelor, fotografiilor, imaginilor, buc\u0103\u021bilor de text, afi\u0219area, vinderea, etc, a con\u021binutului, datelor, informa\u021biilor, fotografiilor sau altor informa\u021bii g\u0103site pe site, f\u0103r\u0103 permisiunea expres\u0103 acordat\u0103 \u00een scris de c\u0103tre SERVICII FOTO ALTFEL SRL..<\/p>\n\n\n\n<p>Niciun Client nu dob\u00e2nde\u0219te, prin utilizarea \u0219i accesarea site-ului vreun drept sau vreo licen\u021b\u0103 de utilizare a vreuneia dintre informa\u021biile de pe site. Niciun client nu are dreptul de a utiliza un dispozitiv automat sau manual pentru a monitoriza materialele disponibile pe site.<\/p>\n\n\n\n<p>5. CLIEN\u021aII \u2013 CONFIDEN\u021aIALITATE \u0218I PROTEC\u021aIA DATELOR CU CARACTER PERSONAL<\/p>\n\n\n\n<p>Clientul are obliga\u021bia de a p\u0103stra confiden\u021bialitatea asupra informa\u021biilor despre care a luat la cuno\u0219tin\u021b\u0103 cu ocazia acces\u0103rii \u0219i utiliz\u0103rii site-ului, precum \u0219i cu ocazia comunic\u0103rilor transmise pe parcursul \u00eenregistr\u0103rii, autentific\u0103rii, plas\u0103rii \u0219i onor\u0103rii comenzilor \u0219i alte asemenea aspecte \u00een leg\u0103tur\u0103 cu utilizarea site-ului. Clientului \u00eei este interzis s\u0103 dezv\u0103luie c\u0103tre ter\u021bi raporturile sale cu SERVICII FOTO ALTFEL SRL., f\u0103r\u0103 consim\u021b\u0103m\u00e2ntul expres al societ\u0103\u021bii, oferit \u00een prealabil \u00een scris.<\/p>\n\n\n\n<p>Transmiterea de c\u0103tre Client de informa\u021bii sau materiale prin intermediul acestui site, idei, concepte, know-how, tehnici, etc. ne ofer\u0103 acces nerestric\u021bionat \u0219i irevocabil la acestea, dreptul de a utiliza, reproduce, afi\u0219a, modifica, transmite \u0219i distribui aceste materiale sau informa\u021bii.<\/p>\n\n\n\n<p>Disponibilitatea unui produs \u00een stoc, fie c\u0103 face parte dintr-o promo\u021bie sau nu, este anun\u021bat\u0103 prin email dup\u0103 plasarea comenzii de c\u0103tre Client.<\/p>\n\n\n\n<p>SERVICII FOTO ALTFEL SRL. are o politic\u0103 strict\u0103 de respectare a confiden\u021bialit\u0103\u021bii datelor clien\u021bilor.<\/p>\n\n\n\n<p>Prin acesarea site-ului \u0219i a produselor noastre, SERVICII FOTO ALTFEL SRL.&nbsp; prelucreaz\u0103 datele dvs. cu caracter personal necesare \u00eendeplinirii scopurilor pentru care aceste date au fost solicitate \u0219i stocate. In ceea ce prive\u0219te drepturile dvs. \u00een calitate de persoan\u0103 vizat\u0103 astfel cum sunt ele garantate de Regulamentul 2016\/679\/UE privind protec\u021bia persoanelor fizice \u00een ceea ce prive\u0219te prelucrarea datelor cu caracter personal \u0219i privind libera circula\u021bie a acestor date v\u0103 rug\u0103m s\u0103 accesa\u021bi Politica de Securitate pus\u0103 la dispozi\u021bie \u0219i celelalte m\u0103suri implementate pentru garantarea drepturilor dvs.<\/p>\n\n\n\n<p>6. INFORMA\u021aII PRODUSE \u0218I PRE\u021aURI<\/p>\n\n\n\n<p>Pre\u021burile afi\u0219ate \u00een cadrul site-ului <a href=\"http:\/\/www.saycheesephoto.ro\">www.saycheesephoto.ro<\/a> sunt \u00een RON. Pre\u021burile afi\u0219ate sunt valabile la momentul acces\u0103rii paginii unde acestea sunt afi\u0219ate, SERVICII FOTO ALTFEL SRL. rezerv\u00e2ndu-\u0219i dreptul de a le modifica oric\u00e2nd, f\u0103r\u0103 niciun preaviz sau notificare.<\/p>\n\n\n\n<p>Prin efectuarea unei comenzi pe site-ul <a href=\"http:\/\/www.saycheesephoto.ro\">www.saycheesephoto.ro<\/a> v\u0103 obliga\u021bi irevocabil s\u0103 pl\u0103ti\u021bi contravaloarea produselor comandate. \u00cen acest sens v\u0103 inform\u0103m c\u0103, \u00een cadrul procedurii de \u00eenregistrare a comenzilor dumneavoastr\u0103, ve\u021bi fi redirec\u021biona\u021bi c\u0103tre site-urile colaboratorilor no\u0219tri \u00een vederea colect\u0103rii datelor necesare pl\u0103\u021bii.<\/p>\n\n\n\n<p>7. \u00ceNREGISTRAREA CA UTILIZATOR<\/p>\n\n\n\n<p>Orice client care dore\u0219te acest lucru poate s\u0103 se \u00eenregistreze pe site-ul nostru cu un simplu click pe butonul de \u00cenregistrare disponibil pe pagina principal\u0103 \u0219i parcurgerea adecvat\u0103 a pa\u0219ilor solicita\u021bi \u00een vederea \u00eenregistr\u0103rii.<\/p>\n\n\n\n<p>Pentru \u00eenregistrare, vi se va solicita s\u0103 v\u0103 introduce\u021bi numele, prenumele, adresa de email \u0219i o parol\u0103. Ave\u021bi obliga\u021bia de a introduce o adres\u0103 de email valid\u0103, \u00een caz contrar nu va fi posibil\u0103 continuarea procedurii de \u00eenregistrare pe site. Sunte\u021bi pe deplin responsabil pentru p\u0103strarea \u00een siguran\u021b\u0103 a parolei de acces precum \u0219i a oric\u0103rei informa\u021bii privind \u00eenregistrarea, autentificarea \u0219i contul. Sunte\u021bi pe deplin responsabil pentru orice comand\u0103 \u0219i\/sau plat\u0103 efectuat\u0103 prin utilizarea site-ului nostru din contul dumneavoastr\u0103.<\/p>\n\n\n\n<p>8. PLASAREA \u0218I CONFIRMAREA COMENZII<\/p>\n\n\n\n<p>Plasarea comenzii se realizeaz\u0103 prin parcurgerea urm\u0103torilor pa\u0219i:<\/p>\n\n\n\n<p>1. selecta\u021bi produsele dorite \u0219i le ad\u0103uga\u021bi \u00een Co\u0219ul de cump\u0103r\u0103turi, cu un click pe butonul \u201eAdaugare \u00een Co\u0219\u201d,<\/p>\n\n\n\n<p>2. dac\u0103 dori\u021bi s\u0103 ad\u0103uga\u021bi mai multe produse \u00een co\u0219, face\u021bi click pe butonul \u201eContinu\u0103 cump\u0103r\u0103turile\u201d, dac\u0103 dori\u021bi s\u0103 finaliza\u021bi comanda face\u021bi click pe butonul \u201eFinalizeaz\u0103 comanda\u201d,<\/p>\n\n\n\n<p>3. dup\u0103 selectarea produselor dorite, \u00een cazul \u00een care nu ave\u021bi un cont pe site \u0219i nu dori\u021bi s\u0103 v\u0103 crea\u021bi un cont pe site, selecta\u021bi \u201cFinalizare comand\u0103 ca Vizitator\u201d introduce\u021bi adresa dvs de email, pentru confirmarea primirii comenzii<\/p>\n\n\n\n<p>4. introduce\u021bi datele de facturare,<\/p>\n\n\n\n<p>5. introduce\u021bi adresa de livrare,<\/p>\n\n\n\n<p>6. livrarea se face prin curier,<\/p>\n\n\n\n<p>7. alege\u021bi metoda de plat\u0103,<\/p>\n\n\n\n<p>8. bifa\u021bi c\u00e2mpul \u201ede acord cu Termenii \u0219i condi\u021biile de pe site\u201d,<\/p>\n\n\n\n<p>9. plasa\u021bi comada prin click pe butonul \u201eFinalizeaz\u0103 comanda\u201d<\/p>\n\n\n\n<p>9. PL\u0102\u021aI \u0218I LIMIT\u0102RI<\/p>\n\n\n\n<p>SERVICII FOTO ALTFEL SRL. \u00eencearc\u0103, \u00een cadrul site-ului, s\u0103 ofere clien\u021bilor s\u0103i o descriere c\u00e2t mai detaliat\u0103 asupra produselor sale, \u00eens\u0103 nu garanteaz\u0103 c\u0103 descrierea produselor sau orice alt con\u021binut al site-ului www.saycheesephoto.roeste complet\u0103 sau total lipsit\u0103 de erori. De asemenea SERVICII FOTO ALTFEL SRL. nu \u00ee\u0219i asum\u0103 responsabilitatea pentru nici un tip de pierderi cum ar fi: pierderi de date, profituri pierdute, imposibilitatea de a utiliza datele de pe acest site, modific\u0103ri f\u0103r\u0103 anun\u021barea \u00een prealabil ale datelor, pre\u021burilor sau structurii site-ului.<\/p>\n\n\n\n<p>Clientul are obliga\u021bia de a opta pentru modalitatea de plat\u0103 aleas\u0103 mai \u00eenainte de plasarea comenzii, prin bifarea op\u021biunii corespunz\u0103toare, conform pa\u0219ilor de plasare a comenzii.<\/p>\n\n\n\n<p>V\u00e2nz\u0103torul va emite c\u0103tre Client o factur\u0103 pentru produsele livrate. \u00cen acest sens, Clientul are obliga\u021bia de a furniza V\u00e2nz\u0103torului toate informa\u021biile necesare emiterii facturii, conform legisla\u021biei \u00een vigoare. Factura va fi comunicat\u0103 Clientului tip\u0103rit\u0103 \u00een format material cu ocazia livr\u0103rii produselor comandate.<\/p>\n\n\n\n<p>10. POLITICA DE LIVRARE<\/p>\n\n\n\n<p>Produsele se livreaz\u0103 de c\u0103tre v\u00e2nz\u0103tor, direct la domiciliul cump\u0103r\u0103torului \/ adresa specificat\u0103 de acesta.<\/p>\n\n\n\n<p>Expedierea comenzii pentru produsele aflate \u00een stoc se va realiza \u00een termen de 24 ore de la confirmarea comenzii, prin email. Comanda ar trebui s\u0103 ajung\u0103 la dumneavoastr\u0103 \u00een termen de maxim 2-4 zile lucratoare de la data confirm\u0103rii comenzii. Acest termen poate fi modificat de \u00eemprejur\u0103ri independente de voin\u021ba noastr\u0103, f\u0103r\u0103 a dep\u0103\u0219i un termen de 10 zile lucratoare, calculat de la data prelu\u0103rii comenzii dumneavoastr\u0103.<\/p>\n\n\n\n<p>Comanda va fi expediat\u0103 \u00een ambalaje care s\u0103 asigure securitatea transportului. R\u0103spunderea pentru orice deteriorare cauzat\u0103 \u00een timpul transportului produsului, coletului sau pachetului trimis de c\u0103tre noi, revine transportatorului conform legisla\u021biei locale \u00een vigoare.<\/p>\n\n\n\n<p>11. PROCEDURA DE REZOLVARE A RECLAMA\u021aIILOR<\/p>\n\n\n\n<p>Orice nemul\u021bumire legat\u0103 de accesarea, utilizarea, \u00eenregistrarea pe site-ul nostru, efectuarea unei comenzi, aspecte legate de comanda efectuat\u0103 \u0219i alte asemenea, ne va fi comunicat\u0103 direct, prin email la adresa contact@saycheesephoto.ro<\/p>\n\n\n\n<p>Nemul\u021bumirea dvs va fi \u00eenregistrat\u0103 \u0219i ve\u021bi primi un r\u0103spuns \u00een scris, pe adresa de email men\u021bionat\u0103 cu ocazia aducerii la cuno\u0219tin\u021ba noastr\u0103 a nemul\u021bumirii dvs, \u00een termen de cel mult 3 zile lucratoare.<\/p>\n\n\n\n<p>Clientul declar\u0103 c\u0103 este de acord s\u0103 nu fac\u0103 publice aceste nemul\u021bumiri (pe re\u021belele de socializare, media, discu\u021bii la petreceri private sau \u00een orice alt\u0103 modalitate) sub rezerva suport\u0103rii daunelor cauzate pentru prejudiciul de imagine adus SERVICII FOTO ALTFEL SRL. si prin aceste ac\u021biuni.<\/p>\n\n\n\n<p>12. MODIFICARI ALE TERMENILOR \u0218I CONDI\u021aIILOR<\/p>\n\n\n\n<p>SERVICII FOTO ALTFEL SRL. \u00ee\u0219i rezerv\u0103 dreptul, de a efectua schimb\u0103ri \u00een orice moment cu privire la con\u021binutul site-ului www.saycheesephoto.ro, politica, termenii \u0219i condi\u021biile de utilizare, f\u0103r\u0103 a fi necesar\u0103 o notificare prealabil\u0103 c\u0103tre utilizatori \u00een acest sens, desi vom fi aten\u021bi s\u0103 anun\u021b\u0103m clien\u021bii despre aceste modific\u0103ri.<\/p>\n\n\n\n<p>Utilizatorul site-ului <a href=\"http:\/\/www.saycheesephoto.ro\">www.saycheesephoto.ro<\/a> are obliga\u021bia de a verifica \u00een mod regulat termenii \u0219i conditiile de utilizare. \u00cen cazul \u00een care nu este de acord cu modific\u0103rile aduse acestora de catre SERVICII FOTO ALTFEL SRL., va \u00eenceta utilizarea site-ului. Dac\u0103 utilizatorul continu\u0103 s\u0103 foloseasc\u0103 site-ul, se considera ca este de acord cu modific\u0103rile efectuate.<\/p>\n\n\n\n<p>13. R\u0102SPUNDEREA CONTRACTUAL\u0102<\/p>\n\n\n\n<p>Prin crearea \u0219i utilizarea Contului, Clientul \u00ee\u0219i asum\u0103 r\u0103spunderea pentru men\u021binerea confidentialit\u0103\u021bii datelor de Cont (user \u0219i parola) \u0219i pentru gestionarea acces\u0103rii Contului, fiind responsabil \u00een condi\u021biile legii de activitatea derulata prin intermediul Contului s\u0103u.<\/p>\n\n\n\n<p>Prin accesarea site-ului, crearea Contului, utilizarea site-ului, plasarea comenzilor, etc. Clientul accept\u0103 \u00een mod expres \u0219i neechivoc Termenii \u0219i Condi\u021biile site-ului \u00een ultima sa versiune comunicat\u0103 \u00een cadrul site-ului. Ulterior cre\u0103rii Contului, utilizarea con\u021binutului echivaleaz\u0103 cu acceptarea modific\u0103rilor intervenite asupra Termenilor \u0219i condi\u021biilor site-ului \u0219i\/sau a versiunilor actualizate ale Termenilor \u0219i Condi\u021biilor Site-ului. Clientul este responsabil pentru verificarea versiunii finale a Termenilor \u0219i Condi\u021biilor ori de c\u00e2te ori utilizeaz\u0103 site-ul.<\/p>\n\n\n\n<p>Acceptarea Termenilor \u0219i Conditiilor site-ului se confirm\u0103 prin bifarea checkboxului corespunzator din site \u0219i\/sau prin trimiterea Comenzii \u0219i\/sau prin efectuarea unei pl\u0103\u021bi online.<\/p>\n\n\n\n<p>Nu ne asum\u0103m responsabilitatea pentru daune de orice fel pe care Clientul sau orice alt\u0103 ter\u021b\u0103 persoan\u0103 le-ar putea suferi ca rezultat al \u00eendeplinirii de c\u0103tre noi a oric\u0103reia dintre obliga\u021biile noastre conform Comenzii \u0219i nici pentru daune care ar putea rezulta din utilizarea Bunurilor dup\u0103 livrare \u0219i cu at\u00e2t mai pu\u021bin pentru pierderea acestora.<\/p>\n\n\n\n<p>Nu putem fi \u021binu\u021bi responsabili pentru daune aduse calculatorului dumneavoastr\u0103 sau viru\u0219i care ar putea s\u0103 v\u0103 infecteze calculatorul sau alt echipament ca urmare a acces\u0103rii, utiliz\u0103rii de c\u0103tre dumneavoastr\u0103 sau navig\u0103rii pe site-ul nostru sau desc\u0103rcarea de c\u0103tre dumneavoastr\u0103 a vreunui con\u021binut, informa\u021bie, materiale, date, text, imagini, video sau audio de pe site-ul nostru.<\/p>\n\n\n\n<p>17. FOR\u021aA MAJORA<\/p>\n\n\n\n<p>Niciuna dintre p\u0103r\u021bile contractante nu r\u0103spunde de neexecutarea la termen sau\/\u0219i de executarea \u00een mod necorespunz\u0103tor &#8211; total sau par\u021bial &#8211; a oric\u0103rei obliga\u021bii care \u00eei revine \u00een baza prezentului contract, daca neexecutarea sau executarea necorespunz\u0103toare a obliga\u021biei respective a fost cauzat\u0103 de for\u021ba major\u0103, a\u0219a cum este definit\u0103 de lege, din motive independente de p\u0103r\u021bi.<\/p>\n\n\n\n<p>Partea care invoc\u0103 for\u021ba major\u0103 este obligat\u0103 s\u0103 notifice celeilalte p\u0103r\u021bi, \u00een termen de 5 (cinci) zile, producerea evenimentului \u0219i s\u0103 ia toate m\u0103surile posibile \u00een vederea limit\u0103rii consecin\u021belor lui.<\/p>\n\n\n\n<p>18. LEGEA APLICABIL\u0102<\/p>\n\n\n\n<p>Contractul va fi guvernat \u0219i interpretat \u00een conformitate cu legea rom\u00e2n\u0103. Orice ne\u00een\u021belegere intervenit\u0103 \u00eentre Comerciant \u0219i Client \u00een leg\u0103tur\u0103 cu raporturile decurg\u00e2nd din prezentul Contract urmeaz\u0103 s\u0103 fie rezolvate pe cale amiabil\u0103, iar \u00een caz de e\u0219ec, s\u0103 fie supuse instan\u021belor competente material din ORAS.<\/p>\n\n\n\n<p>Lege nr. 449\/2003: privind v\u00e2nzarea produselor \u0219i garan\u021biile asociate acestora<\/p>\n\n\n\n<p>Ordonan\u021ba nr. 21\/1992: privind protec\u021bia consumatorilor<\/p>\n\n\n\n<p>OUG 34 din 4 iunie 2014 privind drepturile consumatorilor \u00een cadrul contractelor \u00eencheiate cu profesioni\u0219tii<\/p>\n\n\n\n<p>Regulamentul CE 1223\/2009 al Parlamentului European si al Consiliului privind produsele cosmetice<\/p>\n\n\n\n<p>Regulamentul 2016\/679\/UE privind protec\u021bia persoanelor fizice \u00een ceea ce prive\u0219te prelucrarea datelor cu caracter personal \u0219i privind libera circula\u021bie a acestor date<\/p>\n\n\n\n<p>19. DISPOZI\u021aII FINALE<\/p>\n\n\n\n<p>Acest site este de\u021binut de c\u0103tre SERVICII FOTO ALTFEL SRL., care v\u0103 ofer\u0103 dreptul de a accesa \u0219i utiliza site-ul sub rezerva accept\u0103rii de c\u0103tre dumneavoastr\u0103 a acestor Termeni \u0219i condi\u021bii. Acces\u00e2nd \u0219i utiliz\u00e2nd site-ul v\u0103 oferi\u021bi automat \u0219i neechivoc acordul pentru respectarea Termenilor \u0219i condi\u021biilor de pe site.<\/p>\n\n\n\n<p>SERVICII FOTO ALTFEL SRL. are dreptul de a modifica Termenii \u0219i condi\u021biile oric\u00e2nd, f\u0103r\u0103 o notificare prealabil\u0103, post\u00e2nd varianta actualizat\u0103 pe site, iar Clientul are obliga\u021bia de a citi Termenii \u0219i condi\u021biile ori de c\u00e2te ori acceseaz\u0103 site-ul. Clientul are obliga\u021bia de a respecta \u00eentocmai Termenii \u0219i condi\u021biile de pe site \u0219i nu poate pretinde \u0219i nu se poate ap\u0103ra cu necunoa\u0219terea Termenilor \u0219i condi\u021biilor de pe site, valabili la data acces\u0103rii, utiliz\u0103rii \u0219i\/sau plas\u0103rii unei comenzi pe site.<\/p>\n\n\n\n<p>SERVICII FOTO ALTFEL SRL. organizeaz\u0103 periodic diferite Promo\u021bii care sunt anun\u021bate pe site. Promo\u021biile \u00ee\u0219i \u00eencep valabilitatea \u00een momentul activ\u0103rii acestora pe site \u0219i \u00ee\u0219i \u00eenceteaz\u0103 valabilitatea din momentul inactiv\u0103rii acestora pe site. Promo\u021biile nu se cumuleaz\u0103 \u00eentre ele sau cu alte reduceri \u0219i sunt valabile numai \u00een limita stocului.<\/p>\n","protected":false},"excerpt":{"rendered":"<p>TERMENI \u0218I CONDI\u021aII WWWSAYCHEESEPHOTO.RO 1. TERMENI \u0218I CONDI\u021aII Folosirea site-ului www.saycheesephoto.ro presupune acceptarea prezentelor Termeni \u0219i Condi\u021bii de c\u0103tre utilizator. 2. COMPANIA SERVICII FOTO ALTFEL SRL. cu adresa \u00een str. Rodniciei nr. 55 ap. 5, jud. Mure\u0219, T\u00e2rgu-Mure\u0219 CUI 41062450, Num\u0103r de \u00cenregistrare la Registrul Comer\u021bului J26\/1034\/2019 3. INFORMA\u021aII GENERALE Imaginile publicate pe site sunt [&hellip;]<\/p>\n","protected":false},"author":1,"featured_media":0,"parent":0,"menu_order":0,"comment_status":"closed","ping_status":"closed","template":"","meta":{"footnotes":""},"class_list":["post-363","page","type-page","status-publish","hentry"],"blocksy_meta":{"styles_descriptor":{"styles":{"desktop":"","tablet":"","mobile":""},"google_fonts":[],"version":6}},"_links":{"self":[{"href":"https:\/\/saycheesephoto.ro\/ro\/wp-json\/wp\/v2\/pages\/363","targetHints":{"allow":["GET"]}}],"collection":[{"href":"https:\/\/saycheesephoto.ro\/ro\/wp-json\/wp\/v2\/pages"}],"about":[{"href":"https:\/\/saycheesephoto.ro\/ro\/wp-json\/wp\/v2\/types\/page"}],"author":[{"embeddable":true,"href":"https:\/\/saycheesephoto.ro\/ro\/wp-json\/wp\/v2\/users\/1"}],"replies":[{"embeddable":true,"href":"https:\/\/saycheesephoto.ro\/ro\/wp-json\/wp\/v2\/comments?post=363"}],"version-history":[{"count":3,"href":"https:\/\/saycheesephoto.ro\/ro\/wp-json\/wp\/v2\/pages\/363\/revisions"}],"predecessor-version":[{"id":1725,"href":"https:\/\/saycheesephoto.ro\/ro\/wp-json\/wp\/v2\/pages\/363\/revisions\/1725"}],"wp:attachment":[{"href":"https:\/\/saycheesephoto.ro\/ro\/wp-json\/wp\/v2\/media?parent=363"}],"curies":[{"name":"wp","href":"https:\/\/api.w.org\/{rel}","templated":true}]}}