{"id":1726,"date":"2022-05-29T09:48:50","date_gmt":"2022-05-29T06:48:50","guid":{"rendered":"https:\/\/saycheesephoto.ro\/?page_id=1726"},"modified":"2022-05-29T09:49:46","modified_gmt":"2022-05-29T06:49:46","slug":"cookies-policy","status":"publish","type":"page","link":"https:\/\/saycheesephoto.ro\/ro\/cookies-policy\/","title":{"rendered":"Politica de utilizare cookie-uri"},"content":{"rendered":"\n<p>Aceast\u0103 politic\u0103 se refer\u0103 la cookie-urile \u015fi paginile web operate de SERVICII FOTO ALTFEL SRL. cu adresa \u00een str. Rodniciei nr. 55 ap. 5, jud. Mure\u0219, T\u00e2rgu-Mure\u0219 CUI 41062450, Num\u0103r de \u00cenregistrare la Registrul Comer\u021bului J26\/1034\/2019<\/p>\n\n\n\n<p>1. CE ESTE UN COOKIE?<\/p>\n\n\n\n<p>Cookie-ul este un fi\u015fier de mici dimensiuni, format din litere \u015fi numere, care va fi stocat pe computerul, terminalul mobil sau alte echipamente ale unui utilizator de pe care se acceseaz\u0103 Internetul. Cookie-ul este instalat prin solicitarea emis\u0103 de c\u0103tre un web-server unui browser (ex: Internet Explorer, Chrome) \u015fi este complet &#8222;pasiv&#8221; (nu con\u0163ine programe software, viru\u015fi sau spyware \u015fi nu poate accesa informa\u0163iile de pe hard disk-ul utilizatorului).<\/p>\n\n\n\n<p>2. LA CE SUNT FOLOSITE COOKIE-URILE?<\/p>\n\n\n\n<p>Aceste fi\u015fiere fac posibil\u0103 recunoa\u015fterea terminalului utilizatorului \u015fi prezentarea con\u0163inutului \u00eentr-un mod relevant, adaptat preferin\u0163elor utilizatorului. Cookie-urile asigur\u0103 utilizatorilor o experien\u0163\u0103 placut\u0103 de navigare \u015fi sus\u0163in eforturile noastre pentru a oferi servicii comfortabile utilizatorilor: ex: \u2013 preferin\u0163ele \u00een materie de confiden\u0163ialitate online, co\u015ful de cump\u0103r\u0103turi sau publicitate relevant\u0103. De asemenea, sunt utilizate \u00een preg\u0103tirea unor statistici anonime agregate care ne ajut\u0103 s\u0103 \u00een\u0163elegem cum un utilizator beneficiaz\u0103 de paginile noastre web, permi\u0163\u00e2ndu-ne \u00eembun\u0103t\u0103\u0163irea structurii \u015fi con\u0163inutului lor, excluz\u00e2nd indentificarea personal\u0103 a utilizatorului.<\/p>\n\n\n\n<p>3. CE COOKIE-URI FOLOSIM?<\/p>\n\n\n\n<p>Folosim dou\u0103 tipuri de cookie-uri: per sesiune \u015fi fixe. Cele per sesiune sunt fi\u015fiere temporare ce r\u0103m\u00e2n \u00een terminalul utilizatorului p\u00e2n\u0103 la terminarea sesiunii sau \u00eenchiderea aplica\u0163iei (browser-ului web). Cele fixe r\u0103m\u00e2n pe terminalul utilizatorului pe o perioad\u0103 definit\u0103 de parametrii cookie-ului sau p\u00e2n\u0103 sunt \u015fterse manual de utilizator.<\/p>\n\n\n\n<p>4. CUM SUNT FOLOSITE COOKIE-URILE DE C\u0102TRE ACEST SITE?<\/p>\n\n\n\n<p>O vizit\u0103 pe acest site poate plasa cookie-uri \u00een scopuri de:<\/p>\n\n\n\n<p>Cookie-uri de performan\u0163\u0103 a site-ului<\/p>\n\n\n\n<p>Cookie-uri de analiz\u0103 a vizitatorilor<\/p>\n\n\n\n<p>Cookie-uri de \u00eenregistrare<\/p>\n\n\n\n<p>Cookie-uri pentru publicitate<\/p>\n\n\n\n<p>Cookie-uri ale furnizorilor de publicitate<\/p>\n\n\n\n<p>5. CON\u0162IN COOKIE-URILE DATE PERSONALE?<\/p>\n\n\n\n<p>Cookie-urile \u00een sine nu solicit\u0103 informa\u0163ii cu caracter personal pentru a putea fi utilizate \u015fi, \u00een cele mai multe cazuri, nu identific\u0103 personal utilizatorii de Internet. Datele personale colectate prin utilizarea cookie-urilor pot fi colectate doar pentru a facilita anumite func\u0163ionalit\u0103\u0163i pentru utilizator. Atare date sunt criptate \u00eentr-un mod care face imposibil accesul persoanelor neautorizate la ele.<\/p>\n\n\n\n<p>6. \u015eTERGEREA COOKIE-URILOR<\/p>\n\n\n\n<p>\u00cen general, o aplica\u0163ie folosit\u0103 pentru accesarea paginilor web permite salvarea cookie-urilor pe terminal \u00een mod implicit. Aceste set\u0103ri pot fi schimbate \u00een a\u015fa fel \u00eenc\u00e2t administrarea automat\u0103 a cookie-urilor s\u0103 fie blocat\u0103 de browser-ul web sau utilizatorul s\u0103 fie informat de fiecare dat\u0103 c\u00e2nd cookie-urile sunt trimise c\u0103tre terminalul s\u0103u. Informa\u0163ii detaliate despre posibilit\u0103\u0163ile \u015fi modurile de administrare a cookie-urilor pot fi g\u0103site \u00een zona de set\u0103ri a aplica\u0163iei (browser-ului web). Limitarea folosirii cookie-urilor poate afecta anumite func\u0163ionalit\u0103\u0163i ale paginii web.<\/p>\n\n\n\n<p>7. DE CE SUNT COOKIE-URILE IMPORTANTE PENTRU INTERNET?<\/p>\n\n\n\n<p>Cookie-urile reprezint\u0103 punctul central al func\u0163ion\u0103rii eficiente a Internetului, ajut\u00e2nd la generarea unei experien\u0163e de navigare prietenoase \u015fi adaptat\u0103 preferin\u0163elor \u015fi intereselor fiec\u0103rui utilizator. Refuzarea sau dezactivarea cookie-urilor poate face unele site-uri imposibil de folosit.<\/p>\n\n\n\n<p>Refuzarea sau dezactivarea cookie-urilor nu \u00eenseamn\u0103 c\u0103 nu ve\u0163i mai primi publicitate online \u2013 ci doar ca aceasta nu va mai putea \u0163ine cont de preferin\u0163ele \u015fi interesele dumneavoastr\u0103, eviden\u0163iate prin comportamentul de navigare.<\/p>\n\n\n\n<p>Exemple de \u00eentrebuin\u0163\u0103ri importante ale cookie-urilor (care nu necesit\u0103 autentificarea unui utilizator prin intermediul unui cont):<\/p>\n\n\n\n<p>Con\u0163inut \u015fi servicii adaptate preferin\u0163elor utilizatorului \u2013 categorii de produse \u015fi servicii.<\/p>\n\n\n\n<p>Oferte adaptate pe interesele utilizatorilor \u2013 re\u0163inerea parolelor.<\/p>\n\n\n\n<p>Re\u0163inerea filtrelor de protec\u0163ie a copiilor privind con\u0163inutul pe Internet (op\u0163iuni family mode, func\u0163ii de safe search).<\/p>\n\n\n\n<p>Limitarea frecven\u0163ei de difuzare a reclamelor \u2013 limitarea num\u0103rului de afi\u015fari a unei reclame pentru un anumit utilizator pe un site.<\/p>\n\n\n\n<p>Furnizarea de publicitate mai relevant\u0103 pentru utilizator.<\/p>\n\n\n\n<p>M\u0103surarea, optimizarea \u015fi caracteristicile de analytics \u2013 cum ar fi confirmarea unui anumit nivel de trafic pe un website, ce tip de con\u0163inut este vizualizat \u015fi modul cum un utilizator ajunge pe un website (ex: prin motoare de c\u0103utare, direct, din alte website-uri etc.). Website-urile deruleaz\u0103 aceste analize a utiliz\u0103rii lor pentru a \u00eembun\u0103t\u0103\u0163i site-urile \u00een beneficiul utilizatorilor.<\/p>\n","protected":false},"excerpt":{"rendered":"<p>Aceast\u0103 politic\u0103 se refer\u0103 la cookie-urile \u015fi paginile web operate de SERVICII FOTO ALTFEL SRL. cu adresa \u00een str. Rodniciei nr. 55 ap. 5, jud. Mure\u0219, T\u00e2rgu-Mure\u0219 CUI 41062450, Num\u0103r de \u00cenregistrare la Registrul Comer\u021bului J26\/1034\/2019 1. CE ESTE UN COOKIE? Cookie-ul este un fi\u015fier de mici dimensiuni, format din litere \u015fi numere, care va [&hellip;]<\/p>\n","protected":false},"author":1,"featured_media":0,"parent":0,"menu_order":0,"comment_status":"closed","ping_status":"closed","template":"","meta":{"footnotes":""},"class_list":["post-1726","page","type-page","status-publish","hentry"],"blocksy_meta":{"styles_descriptor":{"styles":{"desktop":"","tablet":"","mobile":""},"google_fonts":[],"version":6}},"_links":{"self":[{"href":"https:\/\/saycheesephoto.ro\/ro\/wp-json\/wp\/v2\/pages\/1726","targetHints":{"allow":["GET"]}}],"collection":[{"href":"https:\/\/saycheesephoto.ro\/ro\/wp-json\/wp\/v2\/pages"}],"about":[{"href":"https:\/\/saycheesephoto.ro\/ro\/wp-json\/wp\/v2\/types\/page"}],"author":[{"embeddable":true,"href":"https:\/\/saycheesephoto.ro\/ro\/wp-json\/wp\/v2\/users\/1"}],"replies":[{"embeddable":true,"href":"https:\/\/saycheesephoto.ro\/ro\/wp-json\/wp\/v2\/comments?post=1726"}],"version-history":[{"count":2,"href":"https:\/\/saycheesephoto.ro\/ro\/wp-json\/wp\/v2\/pages\/1726\/revisions"}],"predecessor-version":[{"id":1728,"href":"https:\/\/saycheesephoto.ro\/ro\/wp-json\/wp\/v2\/pages\/1726\/revisions\/1728"}],"wp:attachment":[{"href":"https:\/\/saycheesephoto.ro\/ro\/wp-json\/wp\/v2\/media?parent=1726"}],"curies":[{"name":"wp","href":"https:\/\/api.w.org\/{rel}","templated":true}]}}