{"id":1826,"date":"2022-09-25T18:36:03","date_gmt":"2022-09-25T15:36:03","guid":{"rendered":"https:\/\/saycheesephoto.ro\/?post_type=product&#038;p=1826"},"modified":"2026-02-25T18:37:13","modified_gmt":"2026-02-25T15:37:13","slug":"tablou-canvas-set-de-toamna","status":"publish","type":"product","link":"https:\/\/saycheesephoto.ro\/hu\/product\/tablou-canvas-set-de-toamna\/","title":{"rendered":"V\u00e1szonfestm\u00e9ny (canvas) - \u0151szi szet"},"content":{"rendered":"","protected":false},"excerpt":{"rendered":"","protected":false},"featured_media":1862,"template":"","meta":[],"product_brand":[],"product_cat":[15],"product_tag":[],"class_list":{"0":"post-1826","1":"product","2":"type-product","3":"status-publish","4":"has-post-thumbnail","6":"product_cat-uncategorized","8":"first","9":"outofstock","10":"shipping-taxable","11":"purchasable","12":"product-type-variable","13":"has-default-attributes"},"_links":{"self":[{"href":"https:\/\/saycheesephoto.ro\/hu\/wp-json\/wp\/v2\/product\/1826","targetHints":{"allow":["GET"]}}],"collection":[{"href":"https:\/\/saycheesephoto.ro\/hu\/wp-json\/wp\/v2\/product"}],"about":[{"href":"https:\/\/saycheesephoto.ro\/hu\/wp-json\/wp\/v2\/types\/product"}],"wp:featuredmedia":[{"embeddable":true,"href":"https:\/\/saycheesephoto.ro\/hu\/wp-json\/wp\/v2\/media\/1862"}],"wp:attachment":[{"href":"https:\/\/saycheesephoto.ro\/hu\/wp-json\/wp\/v2\/media?parent=1826"}],"wp:term":[{"taxonomy":"product_brand","embeddable":true,"href":"https:\/\/saycheesephoto.ro\/hu\/wp-json\/wp\/v2\/product_brand?post=1826"},{"taxonomy":"product_cat","embeddable":true,"href":"https:\/\/saycheesephoto.ro\/hu\/wp-json\/wp\/v2\/product_cat?post=1826"},{"taxonomy":"product_tag","embeddable":true,"href":"https:\/\/saycheesephoto.ro\/hu\/wp-json\/wp\/v2\/product_tag?post=1826"}],"curies":[{"name":"wp","href":"https:\/\/api.w.org\/{rel}","templated":true}]}}